{"id":3,"date":"2025-12-21T17:07:18","date_gmt":"2025-12-21T17:07:18","guid":{"rendered":"http:\/\/azirajourney.com\/?page_id=3"},"modified":"2025-12-22T21:56:25","modified_gmt":"2025-12-22T20:56:25","slug":"polityka-prywatnosci","status":"publish","type":"page","link":"https:\/\/azirajourney.com\/index.php\/polityka-prywatnosci\/","title":{"rendered":"Polityka Prywatno\u015bci"},"content":{"rendered":"\n<h2 class=\"wp-block-heading\">Kto jeste\u015bmy<\/h2>\n\n\n<div class=\"cozy-block-wrapper position-fixed\">\n<div class=\"cozy-block-scroll-top visibility-hidden\" id=\"cozyBlock_03c3cb14_8c7c_4a87_ad8d_99adcdd538d1\"><svg width=\"8\" height=\"18\" viewBox=\"0 0 8 18\" xmlns=\"http:\/\/www.w3.org\/2000\/svg\"><path fill-rule=\"evenodd\" clip-rule=\"evenodd\" d=\"M0.142488 3.23847L3.23847 0.142488C3.42845 -0.0474959 3.73648 -0.0474959 3.92646 0.142488L7.02245 3.23847C7.21243 3.42845 7.21243 3.73648 7.02245 3.92646C6.83246 4.11645 6.52444 4.11645 6.33445 3.92646L4.06895 1.66097L4.06895 18L3.09598 18L3.09598 1.66097L0.830484 3.92647C0.640499 4.11645 0.332473 4.11645 0.142488 3.92647C-0.0474968 3.73648 -0.0474968 3.42845 0.142488 3.23847Z\"><\/path><\/svg><\/div>\n<\/div>\n\n\n<p>Nasza strona: <a href=\"https:\/\/azirajourney.com\">https:\/\/azirajourney.com<\/a><\/p>\n\n\n\n<p>Administratorem danych osobowych jest w\u0142a\u015bciciel strony. Mo\u017cesz si\u0119 z nami kontaktowa\u0107 pod adresem:<br>kontakt@azirajourney.com<\/p>\n\n\n\n<h2 class=\"wp-block-heading\">Dane osobowe<\/h2>\n\n\n\n<p>Aktualnie strona nie zbiera \u017cadnych danych osobowych.<\/p>\n\n\n\n<h2 class=\"wp-block-heading\">Formularz kontaktowy:<\/h2>\n\n\n\n<p>Formularz kontaktowy zbiera tylko:<br>&#8211; imi\u0119 i nazwisko<br>&#8211; adres e-mail<br>&#8211; numer telefonu<br>&#8211; tre\u015b\u0107 wiadomo\u015bci<br>Dane te b\u0119d\u0105 u\u017cywane wy\u0142\u0105cznie w celu udzielenia odpowiedzi na Twoj\u0105 wiadomo\u015b\u0107 i nie b\u0119d\u0105 udost\u0119pniane osobom trzecim.<\/p>\n\n\n\n<h2 class=\"wp-block-heading\">Prawa u\u017cytkownika:<\/h2>\n\n\n\n<p>Masz prawo do dost\u0119pu, poprawiania oraz usuni\u0119cia swoich danych osobowych, gdy strona zacznie je zbiera\u0107.<\/p>\n\n\n\n<h2 class=\"wp-block-heading\">Cookies:<\/h2>\n\n\n\n<p>Obecnie strona nie u\u017cywa plik\u00f3w cookies poza tymi niezb\u0119dnymi do dzia\u0142ania serwera i WordPressa.<\/p>\n\n\n\n<h2 class=\"wp-block-heading\">Bezpiecze\u0144stwo:<\/h2>\n\n\n\n<p>Dane przesy\u0142ane przez formularz kontaktowy b\u0119d\u0105 chronione protoko\u0142em HTTPS.<br><\/p>\n","protected":false},"excerpt":{"rendered":"<p>Kto jeste\u015bmy Nasza strona: https:\/\/azirajourney.com Administratorem danych osobowych jest w\u0142a\u015bciciel strony. Mo\u017cesz si\u0119 z nami kontaktowa\u0107 pod adresem:kontakt@azirajourney.com Dane osobowe Aktualnie strona nie zbiera \u017cadnych danych osobowych. Formularz kontaktowy: Formularz kontaktowy zbiera tylko:&#8211; imi\u0119 i nazwisko&#8211; adres e-mail&#8211; numer telefonu&#8211; tre\u015b\u0107 wiadomo\u015bciDane te b\u0119d\u0105 u\u017cywane wy\u0142\u0105cznie w celu udzielenia odpowiedzi na Twoj\u0105 wiadomo\u015b\u0107 i nie&#8230;<\/p>\n","protected":false},"author":1,"featured_media":0,"parent":0,"menu_order":0,"comment_status":"closed","ping_status":"open","template":"polityka-prywatnosci","meta":{"footnotes":""},"class_list":["post-3","page","type-page","status-publish","hentry"],"_links":{"self":[{"href":"https:\/\/azirajourney.com\/index.php\/wp-json\/wp\/v2\/pages\/3","targetHints":{"allow":["GET"]}}],"collection":[{"href":"https:\/\/azirajourney.com\/index.php\/wp-json\/wp\/v2\/pages"}],"about":[{"href":"https:\/\/azirajourney.com\/index.php\/wp-json\/wp\/v2\/types\/page"}],"author":[{"embeddable":true,"href":"https:\/\/azirajourney.com\/index.php\/wp-json\/wp\/v2\/users\/1"}],"replies":[{"embeddable":true,"href":"https:\/\/azirajourney.com\/index.php\/wp-json\/wp\/v2\/comments?post=3"}],"version-history":[{"count":6,"href":"https:\/\/azirajourney.com\/index.php\/wp-json\/wp\/v2\/pages\/3\/revisions"}],"predecessor-version":[{"id":189,"href":"https:\/\/azirajourney.com\/index.php\/wp-json\/wp\/v2\/pages\/3\/revisions\/189"}],"wp:attachment":[{"href":"https:\/\/azirajourney.com\/index.php\/wp-json\/wp\/v2\/media?parent=3"}],"curies":[{"name":"wp","href":"https:\/\/api.w.org\/{rel}","templated":true}]}}