{"id":107,"date":"2025-12-22T16:36:04","date_gmt":"2025-12-22T15:36:04","guid":{"rendered":"https:\/\/azirajourney.com\/?page_id=107"},"modified":"2025-12-22T21:56:40","modified_gmt":"2025-12-22T20:56:40","slug":"o-nas","status":"publish","type":"page","link":"https:\/\/azirajourney.com\/index.php\/o-nas\/","title":{"rendered":"O nas"},"content":{"rendered":"<div class=\"cozy-block-wrapper position-fixed\">\n<div class=\"cozy-block-scroll-top visibility-hidden\" id=\"cozyBlock_ee42d94f_d4cc_436c_a6a3_ba53389c21b5\"><svg width=\"8\" height=\"18\" viewBox=\"0 0 8 18\" xmlns=\"http:\/\/www.w3.org\/2000\/svg\"><path fill-rule=\"evenodd\" clip-rule=\"evenodd\" d=\"M0.142488 3.23847L3.23847 0.142488C3.42845 -0.0474959 3.73648 -0.0474959 3.92646 0.142488L7.02245 3.23847C7.21243 3.42845 7.21243 3.73648 7.02245 3.92646C6.83246 4.11645 6.52444 4.11645 6.33445 3.92646L4.06895 1.66097L4.06895 18L3.09598 18L3.09598 1.66097L0.830484 3.92647C0.640499 4.11645 0.332473 4.11645 0.142488 3.92647C-0.0474968 3.73648 -0.0474968 3.42845 0.142488 3.23847Z\"><\/path><\/svg><\/div>\n<\/div>\n\n<link rel=\"stylesheet\" href=\"https:\/\/fonts.googleapis.com\/css2?family=Inter:wght@400;500;600;700;800\" \/>\n<div class=\"wp-block-group has-text-color has-background has-link-color wp-elements-0a3e552d69b41e2d5f9d0945210cc497 is-layout-constrained wp-container-core-group-is-layout-9468dbe8 wp-block-group-is-layout-constrained\" style=\"color:#6a6a6a;background-color:#fffffe;margin-top:0;margin-bottom:0;padding-top:80px;padding-right:26px;padding-bottom:80px;padding-left:26px;font-size:clamp(14px, 0.875rem + ((1vw - 3.2px) * 0.122), 16px);font-style:normal;font-weight:400;line-height:1.7; font-family: 'Inter' !important;\" style=\"color:#6a6a6a;background-color:#fffffe;margin-top:0;margin-bottom:0;padding-top:80px;padding-right:26px;padding-bottom:80px;padding-left:26px;font-size:clamp(14px, 0.875rem + ((1vw - 3.2px) * 0.122), 16px);font-style:normal;font-weight:400;line-height:1.7\">\n<div class=\"wp-block-columns is-layout-flex wp-container-core-columns-is-layout-ace9ef85 wp-block-columns-is-layout-flex\" style=\"margin-top:0;margin-bottom:0\">\n<div class=\"wp-block-column is-layout-flow wp-container-core-column-is-layout-1396dd20 wp-block-column-is-layout-flow cozy-animation__initialized\" data-aos=\"flip-right\" data-aos-easing=\"ease\" data-aos-anchor-placement=\"top-center\" data-aos-duration=\"600\" style=\"padding-top:0;padding-right:0;padding-bottom:0;padding-left:0\">\n<figure class=\"wp-block-image aligncenter size-full has-custom-border\"><img loading=\"lazy\" decoding=\"async\" width=\"768\" height=\"960\" src=\"https:\/\/azirajourney.com\/wp-content\/uploads\/2025\/12\/image-1-1.png\" alt=\"\" class=\"wp-image-137\" style=\"border-radius:12px\" srcset=\"https:\/\/azirajourney.com\/wp-content\/uploads\/2025\/12\/image-1-1.png 768w, https:\/\/azirajourney.com\/wp-content\/uploads\/2025\/12\/image-1-1-240x300.png 240w\" sizes=\"auto, (max-width: 768px) 100vw, 768px\" \/><\/figure>\n<\/div>\n\n\n\n<div class=\"wp-block-column is-vertically-aligned-center is-layout-constrained wp-container-core-column-is-layout-d906b55c wp-block-column-is-layout-constrained\">\n<div class=\"wp-block-group is-nowrap is-layout-flex wp-container-core-group-is-layout-21838589 wp-block-group-is-layout-flex\" style=\"margin-bottom:8px\">\n<p class=\"has-text-color has-background has-link-color wp-elements-838816b47b9b70a545eaa0fbe677f06c\" style=\"border-radius:100px;color:#fffffe;background-color:#010101;padding-top:5px;padding-right:16px;padding-bottom:5px;padding-left:16px;font-size:14px;font-style:italic;font-weight:400;text-transform:uppercase\">O NAS<\/p>\n<\/div>\n\n\n<link rel=\"stylesheet\" href=\"https:\/\/fonts.googleapis.com\/css2?family=Wix Madefor Display:wght@400;500;600;700;800\" \/>\n<h2 class=\"wp-block-heading has-text-color has-link-color wp-elements-808cda89e9d41c32aa003f3c9dd1fcf3\" style=\"color:#010101;font-size:clamp(27.894px, 1.743rem + ((1vw - 3.2px) * 1.226), 48px);font-style:normal;font-weight:600;line-height:1.2;text-transform:uppercase; font-family: 'Wix Madefor Display' !important;\" style=\"color:#010101;font-size:clamp(27.894px, 1.743rem + ((1vw - 3.2px) * 1.226), 48px);font-style:normal;font-weight:600;line-height:1.2;text-transform:uppercase\">HISTORIA AZIRA JOURNEY<\/h2>\n\n\n\n<p style=\"margin-top:22px;margin-bottom:26px\">AZIRA Journey powsta\u0142a z potrzeby prowadzenia kobiet w spos\u00f3b uwa\u017cny i prawdziwy \u2014 bez po\u015bpiechu, bez presji i bez gotowych scenariuszy.<br>Jeste\u015bmy mark\u0105, kt\u00f3ra wyros\u0142a z AZIRA Beauty \u2014 projektu inspirowanego maroka\u0144skimi rytua\u0142ami piel\u0119gnacji, naturalno\u015bci\u0105 i szacunkiem do kobiecego cia\u0142a. Od pocz\u0105tku wierzy\u0142y\u015bmy, \u017ce prawdziwa transformacja zaczyna si\u0119 w prostych gestach: w dotyku, w oddechu, w zatrzymaniu.<br>Z czasem pojawi\u0142a si\u0119 potrzeba, by p\u00f3j\u015b\u0107 dalej. Wyj\u015b\u0107 poza produkt.<br>Stworzy\u0107 przestrze\u0144 do\u015bwiadczenia. Tak narodzi\u0142a si\u0119 AZIRA Journey \u2014 jako droga, kt\u00f3r\u0105 idziemy razem z kobietami.<br>Nie organizujemy wyjazd\u00f3w. Towarzyszymy w procesie powrotu do siebie.<br>Tworzymy kameralne retreaty w Maroku \u2014 miejscu, z kt\u00f3rego czerpiemy inspiracj\u0119 i kt\u00f3re sta\u0142o si\u0119 naturalnym domem dla naszych rytua\u0142\u00f3w.<br>Prowadzimy \u0142agodnie, z uwa\u017cno\u015bci\u0105 na cia\u0142o, emocje i indywidualny rytm ka\u017cdej kobiety. <br>AZIRA Journey to zaproszenie do podr\u00f3\u017cy, kt\u00f3ra nie polega na zmianie miejsca, lecz na odzyskaniu kontaktu ze sob\u0105.<\/p>\n<\/div>\n<\/div>\n<\/div>\n","protected":false},"excerpt":{"rendered":"<p>O NAS HISTORIA AZIRA JOURNEY AZIRA Journey powsta\u0142a z potrzeby prowadzenia kobiet w spos\u00f3b uwa\u017cny i prawdziwy \u2014 bez po\u015bpiechu, bez presji i bez gotowych scenariuszy.Jeste\u015bmy mark\u0105, kt\u00f3ra wyros\u0142a z AZIRA Beauty \u2014 projektu inspirowanego maroka\u0144skimi rytua\u0142ami piel\u0119gnacji, naturalno\u015bci\u0105 i szacunkiem do kobiecego cia\u0142a. Od pocz\u0105tku wierzy\u0142y\u015bmy, \u017ce prawdziwa transformacja zaczyna si\u0119 w prostych gestach:&#8230;<\/p>\n","protected":false},"author":1,"featured_media":27,"parent":0,"menu_order":0,"comment_status":"closed","ping_status":"closed","template":"blank-with-header-footer","meta":{"footnotes":""},"class_list":["post-107","page","type-page","status-publish","has-post-thumbnail","hentry"],"_links":{"self":[{"href":"https:\/\/azirajourney.com\/index.php\/wp-json\/wp\/v2\/pages\/107","targetHints":{"allow":["GET"]}}],"collection":[{"href":"https:\/\/azirajourney.com\/index.php\/wp-json\/wp\/v2\/pages"}],"about":[{"href":"https:\/\/azirajourney.com\/index.php\/wp-json\/wp\/v2\/types\/page"}],"author":[{"embeddable":true,"href":"https:\/\/azirajourney.com\/index.php\/wp-json\/wp\/v2\/users\/1"}],"replies":[{"embeddable":true,"href":"https:\/\/azirajourney.com\/index.php\/wp-json\/wp\/v2\/comments?post=107"}],"version-history":[{"count":4,"href":"https:\/\/azirajourney.com\/index.php\/wp-json\/wp\/v2\/pages\/107\/revisions"}],"predecessor-version":[{"id":190,"href":"https:\/\/azirajourney.com\/index.php\/wp-json\/wp\/v2\/pages\/107\/revisions\/190"}],"wp:featuredmedia":[{"embeddable":true,"href":"https:\/\/azirajourney.com\/index.php\/wp-json\/wp\/v2\/media\/27"}],"wp:attachment":[{"href":"https:\/\/azirajourney.com\/index.php\/wp-json\/wp\/v2\/media?parent=107"}],"curies":[{"name":"wp","href":"https:\/\/api.w.org\/{rel}","templated":true}]}}